{"id":453,"date":"2023-09-21T13:21:15","date_gmt":"2023-09-21T13:21:15","guid":{"rendered":"https:\/\/item.ind.br\/br\/?page_id=453"},"modified":"2023-10-27T10:23:27","modified_gmt":"2023-10-27T10:23:27","slug":"servicos","status":"publish","type":"page","link":"https:\/\/item.ind.br\/br\/servicos\/","title":{"rendered":"Servi\u00e7os"},"content":{"rendered":"\t\t<div data-elementor-type=\"wp-page\" data-elementor-id=\"453\" class=\"elementor elementor-453\" data-elementor-post-type=\"page\">\n\t\t\t\t\t\t\t<div class=\"elementor-element elementor-element-6c17426 e-flex e-con-boxed e-con e-parent\" data-id=\"6c17426\" data-element_type=\"container\" data-settings=\"{&quot;container_type&quot;:&quot;flex&quot;,&quot;content_width&quot;:&quot;boxed&quot;}\" data-core-v316-plus=\"true\">\n\t\t\t\t\t<div class=\"e-con-inner\">\n\t\t\t\t<div class=\"elementor-element elementor-element-5730d02 elementor-widget elementor-widget-template\" data-id=\"5730d02\" data-element_type=\"widget\" data-widget_type=\"template.default\">\n\t\t\t\t<div class=\"elementor-widget-container\">\n\t\t\t\t\t<div class=\"elementor-template\">\n\t\t\t\t\t<div data-elementor-type=\"page\" data-elementor-id=\"608\" class=\"elementor elementor-608\" data-elementor-post-type=\"elementor_library\">\n\t\t\t\t\t\t\t<div class=\"elementor-element elementor-element-f3db3b5 e-flex e-con-boxed e-con e-parent\" data-id=\"f3db3b5\" data-element_type=\"container\" data-settings=\"{&quot;container_type&quot;:&quot;flex&quot;,&quot;content_width&quot;:&quot;boxed&quot;}\" data-core-v316-plus=\"true\">\n\t\t\t\t\t<div class=\"e-con-inner\">\n\t\t\t\t<div class=\"elementor-element elementor-element-c6034e7 elementor-skin-slideshow elementor-arrows-yes elementor-widget elementor-widget-media-carousel\" data-id=\"c6034e7\" data-element_type=\"widget\" data-settings=\"{&quot;skin&quot;:&quot;slideshow&quot;,&quot;effect&quot;:&quot;slide&quot;,&quot;show_arrows&quot;:&quot;yes&quot;,&quot;speed&quot;:500,&quot;autoplay&quot;:&quot;yes&quot;,&quot;autoplay_speed&quot;:5000,&quot;loop&quot;:&quot;yes&quot;,&quot;pause_on_hover&quot;:&quot;yes&quot;,&quot;pause_on_interaction&quot;:&quot;yes&quot;,&quot;space_between&quot;:{&quot;unit&quot;:&quot;px&quot;,&quot;size&quot;:10,&quot;sizes&quot;:[]},&quot;space_between_tablet&quot;:{&quot;unit&quot;:&quot;px&quot;,&quot;size&quot;:10,&quot;sizes&quot;:[]},&quot;space_between_mobile&quot;:{&quot;unit&quot;:&quot;px&quot;,&quot;size&quot;:10,&quot;sizes&quot;:[]}}\" data-widget_type=\"media-carousel.default\">\n\t\t\t\t<div class=\"elementor-widget-container\">\n\t\t\t<link rel=\"stylesheet\" href=\"https:\/\/item.ind.br\/br\/wp-content\/plugins\/elementor-pro\/assets\/css\/widget-carousel.min.css\">\t\t<div class=\"elementor-swiper\">\n\t\t\t<div class=\"elementor-main-swiper swiper\">\n\t\t\t\t<div class=\"swiper-wrapper\">\n\t\t\t\t\t\t\t\t\t\t\t<div class=\"swiper-slide\">\n\t\t\t\t\t\t\t\t\t<div class=\"elementor-carousel-image\" role=\"img\" aria-label=\"IMG_20190419_103137\" style=\"background-image: url(&#039;https:\/\/item.ind.br\/br\/wp-content\/uploads\/2023\/09\/IMG_20190419_103137-scaled.jpg&#039;)\">\n\n\t\t\t\n\t\t\t\t\t<\/div>\n\t\t\t\t\t\t\t\t<\/div>\n\t\t\t\t\t\t\t\t\t\t\t<div class=\"swiper-slide\">\n\t\t\t\t\t\t\t\t\t<div class=\"elementor-carousel-image\" role=\"img\" aria-label=\"assistencia\" style=\"background-image: url(&#039;https:\/\/item.ind.br\/br\/wp-content\/uploads\/2023\/10\/IMG_20230902_084914-scaled.jpg&#039;)\">\n\n\t\t\t\n\t\t\t\t\t<\/div>\n\t\t\t\t\t\t\t\t<\/div>\n\t\t\t\t\t\t\t\t\t\t\t<div class=\"swiper-slide\">\n\t\t\t\t\t\t\t\t\t<div class=\"elementor-carousel-image\" role=\"img\" aria-label=\"DSCN0005\" style=\"background-image: url(&#039;https:\/\/item.ind.br\/br\/wp-content\/uploads\/2023\/10\/DSCN0005-scaled.jpg&#039;)\">\n\n\t\t\t\n\t\t\t\t\t<\/div>\n\t\t\t\t\t\t\t\t<\/div>\n\t\t\t\t\t\t\t\t\t\t\t<div class=\"swiper-slide\">\n\t\t\t\t\t\t\t\t\t<div class=\"elementor-carousel-image\" role=\"img\" aria-label=\"TRAILER E CAMIONETA\" style=\"background-image: url(&#039;https:\/\/item.ind.br\/br\/wp-content\/uploads\/2023\/10\/IMG_20230805_101843-scaled.jpg&#039;)\">\n\n\t\t\t\n\t\t\t\t\t<\/div>\n\t\t\t\t\t\t\t\t<\/div>\n\t\t\t\t\t\t\t\t\t\t\t<div class=\"swiper-slide\">\n\t\t\t\t\t\t\t\t\t<div class=\"elementor-carousel-image\" role=\"img\" aria-label=\"PREVENTIVA COROAVES\" style=\"background-image: url(&#039;https:\/\/item.ind.br\/br\/wp-content\/uploads\/2023\/10\/WhatsApp-Image-2023-05-17-at-14.59.04-2.jpeg&#039;)\">\n\n\t\t\t\n\t\t\t\t\t<\/div>\n\t\t\t\t\t\t\t\t<\/div>\n\t\t\t\t\t\t\t\t\t<\/div>\n\t\t\t\t\t\t\t\t\t\t\t\t\t\t\t\t\t\t\t\t<div class=\"elementor-swiper-button elementor-swiper-button-prev\" role=\"button\" tabindex=\"0\">\n\t\t\t\t\t\t\t<i aria-hidden=\"true\" class=\"eicon-chevron-left\"><\/i>\t\t\t\t\t\t\t<span class=\"elementor-screen-only\">Previous<\/span>\n\t\t\t\t\t\t<\/div>\n\t\t\t\t\t\t<div class=\"elementor-swiper-button elementor-swiper-button-next\" role=\"button\" tabindex=\"0\">\n\t\t\t\t\t\t\t<i aria-hidden=\"true\" class=\"eicon-chevron-right\"><\/i>\t\t\t\t\t\t\t<span class=\"elementor-screen-only\">Next<\/span>\n\t\t\t\t\t\t<\/div>\n\t\t\t\t\t\t\t\t\t\t\t\t<\/div>\n\t\t<\/div>\n\t\t\t\t<div class=\"elementor-swiper\">\n\t\t\t<div class=\"elementor-thumbnails-swiper swiper\">\n\t\t\t\t<div class=\"swiper-wrapper\">\n\t\t\t\t\t\t\t\t\t\t\t<div class=\"swiper-slide\">\n\t\t\t\t\t\t\t\t\t<div class=\"elementor-carousel-image\" role=\"img\" aria-label=\"IMG_20190419_103137\" style=\"background-image: url(&#039;https:\/\/item.ind.br\/br\/wp-content\/uploads\/2023\/09\/IMG_20190419_103137-scaled.jpg&#039;)\">\n\n\t\t\t\n\t\t\t\t\t<\/div>\n\t\t\t\t\t\t\t\t<\/div>\n\t\t\t\t\t\t\t\t\t\t\t<div class=\"swiper-slide\">\n\t\t\t\t\t\t\t\t\t<div class=\"elementor-carousel-image\" role=\"img\" aria-label=\"assistencia\" style=\"background-image: url(&#039;https:\/\/item.ind.br\/br\/wp-content\/uploads\/2023\/10\/IMG_20230902_084914-scaled.jpg&#039;)\">\n\n\t\t\t\n\t\t\t\t\t<\/div>\n\t\t\t\t\t\t\t\t<\/div>\n\t\t\t\t\t\t\t\t\t\t\t<div class=\"swiper-slide\">\n\t\t\t\t\t\t\t\t\t<div class=\"elementor-carousel-image\" role=\"img\" aria-label=\"DSCN0005\" style=\"background-image: url(&#039;https:\/\/item.ind.br\/br\/wp-content\/uploads\/2023\/10\/DSCN0005-scaled.jpg&#039;)\">\n\n\t\t\t\n\t\t\t\t\t<\/div>\n\t\t\t\t\t\t\t\t<\/div>\n\t\t\t\t\t\t\t\t\t\t\t<div class=\"swiper-slide\">\n\t\t\t\t\t\t\t\t\t<div class=\"elementor-carousel-image\" role=\"img\" aria-label=\"TRAILER E CAMIONETA\" style=\"background-image: url(&#039;https:\/\/item.ind.br\/br\/wp-content\/uploads\/2023\/10\/IMG_20230805_101843-scaled.jpg&#039;)\">\n\n\t\t\t\n\t\t\t\t\t<\/div>\n\t\t\t\t\t\t\t\t<\/div>\n\t\t\t\t\t\t\t\t\t\t\t<div class=\"swiper-slide\">\n\t\t\t\t\t\t\t\t\t<div class=\"elementor-carousel-image\" role=\"img\" aria-label=\"PREVENTIVA COROAVES\" style=\"background-image: url(&#039;https:\/\/item.ind.br\/br\/wp-content\/uploads\/2023\/10\/WhatsApp-Image-2023-05-17-at-14.59.04-2.jpeg&#039;)\">\n\n\t\t\t\n\t\t\t\t\t<\/div>\n\t\t\t\t\t\t\t\t<\/div>\n\t\t\t\t\t\t\t\t\t<\/div>\n\t\t\t\t\t\t\t\t\t\t\t\t\t\t\t\t\t\t\t\t\t<\/div>\n\t\t<\/div>\n\t\t\t\t<\/div>\n\t\t\t\t<\/div>\n\t\t\t\t\t<\/div>\n\t\t\t\t<\/div>\n\t\t\t\t\t\t\t<\/div>\n\t\t\t\t<\/div>\n\t\t\t\t<\/div>\n\t\t\t\t<\/div>\n\t\t\t\t\t<\/div>\n\t\t\t\t<\/div>\n\t\t<div class=\"elementor-element elementor-element-1ef426b elementor-hidden-desktop elementor-hidden-tablet elementor-hidden-mobile e-flex e-con-boxed e-con e-parent\" data-id=\"1ef426b\" data-element_type=\"container\" data-settings=\"{&quot;container_type&quot;:&quot;flex&quot;,&quot;content_width&quot;:&quot;boxed&quot;}\" data-core-v316-plus=\"true\">\n\t\t\t\t\t<div class=\"e-con-inner\">\n\t\t<div class=\"elementor-element elementor-element-bdcf94d e-con-full e-flex e-con e-child\" data-id=\"bdcf94d\" data-element_type=\"container\" data-settings=\"{&quot;content_width&quot;:&quot;full&quot;,&quot;container_type&quot;:&quot;flex&quot;}\">\n\t\t\t\t<div class=\"elementor-element elementor-element-aa9e774 elementor-widget elementor-widget-image\" data-id=\"aa9e774\" data-element_type=\"widget\" data-widget_type=\"image.default\">\n\t\t\t\t<div class=\"elementor-widget-container\">\n\t\t\t<style>\/*! elementor - v3.16.0 - 20-09-2023 *\/\n.elementor-widget-image{text-align:center}.elementor-widget-image a{display:inline-block}.elementor-widget-image a img[src$=\".svg\"]{width:48px}.elementor-widget-image img{vertical-align:middle;display:inline-block}<\/style>\t\t\t\t\t\t\t\t\t\t\t\t<img loading=\"lazy\" decoding=\"async\" width=\"572\" height=\"1024\" src=\"https:\/\/item.ind.br\/br\/wp-content\/uploads\/2023\/09\/serv1-572x1024.jpg\" class=\"attachment-large size-large wp-image-455\" alt=\"\" srcset=\"https:\/\/item.ind.br\/br\/wp-content\/uploads\/2023\/09\/serv1-572x1024.jpg 572w, https:\/\/item.ind.br\/br\/wp-content\/uploads\/2023\/09\/serv1-600x1075.jpg 600w, https:\/\/item.ind.br\/br\/wp-content\/uploads\/2023\/09\/serv1-64x115.jpg 64w, https:\/\/item.ind.br\/br\/wp-content\/uploads\/2023\/09\/serv1-167x300.jpg 167w, https:\/\/item.ind.br\/br\/wp-content\/uploads\/2023\/09\/serv1-558x999.jpg 558w, https:\/\/item.ind.br\/br\/wp-content\/uploads\/2023\/09\/serv1.jpg 605w\" sizes=\"(max-width: 572px) 100vw, 572px\" \/>\t\t\t\t\t\t\t\t\t\t\t\t\t\t\t<\/div>\n\t\t\t\t<\/div>\n\t\t\t\t<\/div>\n\t\t<div class=\"elementor-element elementor-element-eaa8769 e-con-full e-flex e-con e-child\" data-id=\"eaa8769\" data-element_type=\"container\" data-settings=\"{&quot;content_width&quot;:&quot;full&quot;,&quot;container_type&quot;:&quot;flex&quot;}\">\n\t\t\t\t<div class=\"elementor-element elementor-element-8bf4ab9 elementor-widget elementor-widget-heading\" data-id=\"8bf4ab9\" data-element_type=\"widget\" data-widget_type=\"heading.default\">\n\t\t\t\t<div class=\"elementor-widget-container\">\n\t\t\t<style>\/*! elementor - v3.16.0 - 20-09-2023 *\/\n.elementor-heading-title{padding:0;margin:0;line-height:1}.elementor-widget-heading .elementor-heading-title[class*=elementor-size-]>a{color:inherit;font-size:inherit;line-height:inherit}.elementor-widget-heading .elementor-heading-title.elementor-size-small{font-size:15px}.elementor-widget-heading .elementor-heading-title.elementor-size-medium{font-size:19px}.elementor-widget-heading .elementor-heading-title.elementor-size-large{font-size:29px}.elementor-widget-heading .elementor-heading-title.elementor-size-xl{font-size:39px}.elementor-widget-heading .elementor-heading-title.elementor-size-xxl{font-size:59px}<\/style><h2 class=\"elementor-heading-title elementor-size-default\">Nossos servi\u00e7os<\/h2>\t\t<\/div>\n\t\t\t\t<\/div>\n\t\t\t\t<div class=\"elementor-element elementor-element-2994d08 elementor-widget elementor-widget-text-editor\" data-id=\"2994d08\" data-element_type=\"widget\" data-widget_type=\"text-editor.default\">\n\t\t\t\t<div class=\"elementor-widget-container\">\n\t\t\t<style>\/*! elementor - v3.16.0 - 20-09-2023 *\/\n.elementor-widget-text-editor.elementor-drop-cap-view-stacked .elementor-drop-cap{background-color:#69727d;color:#fff}.elementor-widget-text-editor.elementor-drop-cap-view-framed .elementor-drop-cap{color:#69727d;border:3px solid;background-color:transparent}.elementor-widget-text-editor:not(.elementor-drop-cap-view-default) .elementor-drop-cap{margin-top:8px}.elementor-widget-text-editor:not(.elementor-drop-cap-view-default) .elementor-drop-cap-letter{width:1em;height:1em}.elementor-widget-text-editor .elementor-drop-cap{float:left;text-align:center;line-height:1;font-size:50px}.elementor-widget-text-editor .elementor-drop-cap-letter{display:inline-block}<\/style>\t\t\t\t<p>Na ITEM TEC, oferecemos uma ampla gama de servi\u00e7os de assist\u00eancia t\u00e9cnica em eletr\u00f4nica industrial para atender \u00e0s suas necessidades espec\u00edficas. Com 20 anos de experi\u00eancia e um corpo t\u00e9cnico altamente capacitado, estamos prontos para lidar com os mais diversos desafios. Aqui est\u00e3o alguns dos principais servi\u00e7os que oferecemos:<\/p><p><b>Manuten\u00e7\u00e3o Preventiva e Corretiva:<\/b><\/p><p>Contamos com =laborat\u00f3rios m\u00f3veis totalmente equipados para realizar manuten\u00e7\u00f5es preventivas e corretivas em seus equipamentos eletr\u00f4nicos industriais. Isso ajuda a evitar paradas n\u00e3o programadas e a prolongar a vida \u00fatil dos seus ativos.<\/p><p><b>Assist\u00eancia T\u00e9cnica Multimarca:<\/b><\/p><p>Trabalhamos com uma variedade de marcas e modelos de equipamentos eletr\u00f4nicos industriais, garantindo que voc\u00ea obtenha suporte t\u00e9cnico independente do fabricante.<\/p><p><b>Busca e Entrega Conveniente:<\/b><\/p><p>Oferecemos o servi\u00e7o de busca e entrega de equipamentos na cidade de Maring\u00e1, tornando o processo de manuten\u00e7\u00e3o mais f\u00e1cil e acess\u00edvel para voc\u00ea.<\/p><p><b>Especializa\u00e7\u00e3o em Eletr\u00f4nica de Pot\u00eancia:<\/b><\/p><p>Nossos engenheiros especializados em eletr\u00f4nica de pot\u00eancia est\u00e3o prontos para lidar com desafios complexos, como inversores de frequ\u00eancia, soft starters e muito mais.<\/p><p><b>Assist\u00eancia T\u00e9cnica Autorizada WEG:<\/b><\/p><p>Somos uma assist\u00eancia t\u00e9cnica autorizada da renomada marca WEG, garantindo que sua equipe seja atendida com o mais alto padr\u00e3o de qualidade e expertise.<\/p>\t\t\t\t\t\t<\/div>\n\t\t\t\t<\/div>\n\t\t\t\t<\/div>\n\t\t\t\t\t<\/div>\n\t\t\t\t<\/div>\n\t\t<div class=\"elementor-element elementor-element-397f68e e-flex e-con-boxed e-con e-parent\" data-id=\"397f68e\" data-element_type=\"container\" data-settings=\"{&quot;container_type&quot;:&quot;flex&quot;,&quot;content_width&quot;:&quot;boxed&quot;}\" data-core-v316-plus=\"true\">\n\t\t\t\t\t<div class=\"e-con-inner\">\n\t\t<div class=\"elementor-element elementor-element-8f8f777 e-con-full elementor-hidden-mobile e-flex e-con e-child\" data-id=\"8f8f777\" data-element_type=\"container\" data-settings=\"{&quot;content_width&quot;:&quot;full&quot;,&quot;container_type&quot;:&quot;flex&quot;}\">\n\t\t\t\t<div class=\"elementor-element elementor-element-b0e691b elementor-widget elementor-widget-image\" data-id=\"b0e691b\" data-element_type=\"widget\" data-widget_type=\"image.default\">\n\t\t\t\t<div class=\"elementor-widget-container\">\n\t\t\t\t\t\t\t\t\t\t\t\t\t\t\t<img loading=\"lazy\" decoding=\"async\" width=\"605\" height=\"341\" src=\"https:\/\/item.ind.br\/br\/wp-content\/uploads\/2023\/10\/emerson1.jpg\" class=\"attachment-full size-full wp-image-1224\" alt=\"\" srcset=\"https:\/\/item.ind.br\/br\/wp-content\/uploads\/2023\/10\/emerson1.jpg 605w, https:\/\/item.ind.br\/br\/wp-content\/uploads\/2023\/10\/emerson1-300x169.jpg 300w, https:\/\/item.ind.br\/br\/wp-content\/uploads\/2023\/10\/emerson1-150x85.jpg 150w, https:\/\/item.ind.br\/br\/wp-content\/uploads\/2023\/10\/emerson1-600x338.jpg 600w, https:\/\/item.ind.br\/br\/wp-content\/uploads\/2023\/10\/emerson1-64x36.jpg 64w\" sizes=\"(max-width: 605px) 100vw, 605px\" \/>\t\t\t\t\t\t\t\t\t\t\t\t\t\t\t<\/div>\n\t\t\t\t<\/div>\n\t\t\t\t<div class=\"elementor-element elementor-element-848944a elementor-widget elementor-widget-image\" data-id=\"848944a\" data-element_type=\"widget\" data-widget_type=\"image.default\">\n\t\t\t\t<div class=\"elementor-widget-container\">\n\t\t\t\t\t\t\t\t\t\t\t\t\t\t\t<img loading=\"lazy\" decoding=\"async\" width=\"605\" height=\"714\" src=\"https:\/\/item.ind.br\/br\/wp-content\/uploads\/2023\/10\/emerson2.jpg\" class=\"attachment-full size-full wp-image-1225\" alt=\"\" srcset=\"https:\/\/item.ind.br\/br\/wp-content\/uploads\/2023\/10\/emerson2.jpg 605w, https:\/\/item.ind.br\/br\/wp-content\/uploads\/2023\/10\/emerson2-254x300.jpg 254w, https:\/\/item.ind.br\/br\/wp-content\/uploads\/2023\/10\/emerson2-600x708.jpg 600w, https:\/\/item.ind.br\/br\/wp-content\/uploads\/2023\/10\/emerson2-64x76.jpg 64w\" sizes=\"(max-width: 605px) 100vw, 605px\" \/>\t\t\t\t\t\t\t\t\t\t\t\t\t\t\t<\/div>\n\t\t\t\t<\/div>\n\t\t\t\t<\/div>\n\t\t<div class=\"elementor-element elementor-element-982eac5 e-con-full e-flex e-con e-child\" data-id=\"982eac5\" data-element_type=\"container\" data-settings=\"{&quot;content_width&quot;:&quot;full&quot;,&quot;container_type&quot;:&quot;flex&quot;}\">\n\t\t\t\t<div class=\"elementor-element elementor-element-482bcd7 elementor-widget elementor-widget-text-editor\" data-id=\"482bcd7\" data-element_type=\"widget\" data-widget_type=\"text-editor.default\">\n\t\t\t\t<div class=\"elementor-widget-container\">\n\t\t\t\t\t\t\t<h2>Nossos servi\u00e7os<\/h2>\n<p>No ITEM, oferecemos uma ampla gama de servi\u00e7os de assist\u00eancia t\u00e9cnica em eletr\u00f4nica industrial para atender \u00e0s suas necessidades espec\u00edficas. Com 10 anos de experi\u00eancia e um corpo t\u00e9cnico altamente capacitado, estamos prontos para lidar com os mais diversos desafios. Aqui est\u00e3o alguns dos principais servi\u00e7os que oferecemos:<\/p>\n<p><strong>Manuten\u00e7\u00e3o Preventiva e Corretiva:<\/strong><\/p>\n<p>Contamos com laborat\u00f3rios m\u00f3veis totalmente equipados para realizar manuten\u00e7\u00f5es preventivas e corretivas em seus equipamentos eletr\u00f4nicos industriais. Isso ajuda a evitar paradas n\u00e3o programadas e a prolongar a vida \u00fatil dos seus ativos.<\/p>\n<p><strong>Assist\u00eancia T\u00e9cnica Multimarca:<\/strong><\/p>\n<p>Trabalhamos com uma variedade de marcas e modelos de equipamentos eletr\u00f4nicos industriais, garantindo que voc\u00ea obtenha suporte t\u00e9cnico independente do fabricante.<\/p>\n<p><strong>Busca e Entrega Conveniente:<\/strong><\/p>\n<p>Oferecemos o servi\u00e7o de busca e entrega de equipamentos na cidade de Maring\u00e1 (sob agendamento), tornando o processo de manuten\u00e7\u00e3o mais f\u00e1cil e acess\u00edvel para voc\u00ea.<\/p>\n<p><strong>Especializa\u00e7\u00e3o em Eletr\u00f4nica de Pot\u00eancia:<\/strong><\/p>\n<p>Nossos engenheiros especializados em eletr\u00f4nica de pot\u00eancia est\u00e3o prontos para lidar com desafios complexos, como inversores de frequ\u00eancia, soft starters e muito mais.<\/p>\n<p><strong>Assist\u00eancia T\u00e9cnica Autorizada WEG:<\/strong><\/p>\n<p>Somos assist\u00eancia t\u00e9cnica autorizada da renomada WEG para inversores de frequ\u00eancia e soft starter de baixa tens\u00e3o, garantindo que sua empresa seja atendida com o mais alto padr\u00e3o de qualidade.<\/p>\n\t\t\t\t\t\t<\/div>\n\t\t\t\t<\/div>\n\t\t\t\t<\/div>\n\t\t\t\t\t<\/div>\n\t\t\t\t<\/div>\n\t\t<div class=\"elementor-element elementor-element-134d186 elementor-hidden-desktop elementor-hidden-tablet e-flex e-con-boxed e-con e-parent\" data-id=\"134d186\" data-element_type=\"container\" data-settings=\"{&quot;container_type&quot;:&quot;flex&quot;,&quot;content_width&quot;:&quot;boxed&quot;}\" data-core-v316-plus=\"true\">\n\t\t\t\t\t<div class=\"e-con-inner\">\n\t\t\t\t<div class=\"elementor-element elementor-element-2aa84d7 elementor-widget elementor-widget-image\" data-id=\"2aa84d7\" data-element_type=\"widget\" data-widget_type=\"image.default\">\n\t\t\t\t<div class=\"elementor-widget-container\">\n\t\t\t\t\t\t\t\t\t\t\t\t\t\t\t<img loading=\"lazy\" decoding=\"async\" width=\"605\" height=\"341\" src=\"https:\/\/item.ind.br\/br\/wp-content\/uploads\/2023\/10\/emerson1.jpg\" class=\"attachment-large size-large wp-image-1224\" alt=\"\" srcset=\"https:\/\/item.ind.br\/br\/wp-content\/uploads\/2023\/10\/emerson1.jpg 605w, https:\/\/item.ind.br\/br\/wp-content\/uploads\/2023\/10\/emerson1-300x169.jpg 300w, https:\/\/item.ind.br\/br\/wp-content\/uploads\/2023\/10\/emerson1-150x85.jpg 150w, https:\/\/item.ind.br\/br\/wp-content\/uploads\/2023\/10\/emerson1-600x338.jpg 600w, https:\/\/item.ind.br\/br\/wp-content\/uploads\/2023\/10\/emerson1-64x36.jpg 64w\" sizes=\"(max-width: 605px) 100vw, 605px\" \/>\t\t\t\t\t\t\t\t\t\t\t\t\t\t\t<\/div>\n\t\t\t\t<\/div>\n\t\t\t\t\t<\/div>\n\t\t\t\t<\/div>\n\t\t<div class=\"elementor-element elementor-element-efbed1b elementor-hidden-desktop elementor-hidden-tablet e-flex e-con-boxed e-con e-parent\" data-id=\"efbed1b\" data-element_type=\"container\" data-settings=\"{&quot;container_type&quot;:&quot;flex&quot;,&quot;content_width&quot;:&quot;boxed&quot;}\" data-core-v316-plus=\"true\">\n\t\t\t\t\t<div class=\"e-con-inner\">\n\t\t\t\t<div class=\"elementor-element elementor-element-d254092 elementor-widget elementor-widget-image\" data-id=\"d254092\" data-element_type=\"widget\" data-widget_type=\"image.default\">\n\t\t\t\t<div class=\"elementor-widget-container\">\n\t\t\t\t\t\t\t\t\t\t\t\t\t\t\t<img loading=\"lazy\" decoding=\"async\" width=\"605\" height=\"714\" src=\"https:\/\/item.ind.br\/br\/wp-content\/uploads\/2023\/10\/emerson2.jpg\" class=\"attachment-large size-large wp-image-1225\" alt=\"\" srcset=\"https:\/\/item.ind.br\/br\/wp-content\/uploads\/2023\/10\/emerson2.jpg 605w, https:\/\/item.ind.br\/br\/wp-content\/uploads\/2023\/10\/emerson2-254x300.jpg 254w, https:\/\/item.ind.br\/br\/wp-content\/uploads\/2023\/10\/emerson2-600x708.jpg 600w, https:\/\/item.ind.br\/br\/wp-content\/uploads\/2023\/10\/emerson2-64x76.jpg 64w\" sizes=\"(max-width: 605px) 100vw, 605px\" \/>\t\t\t\t\t\t\t\t\t\t\t\t\t\t\t<\/div>\n\t\t\t\t<\/div>\n\t\t\t\t\t<\/div>\n\t\t\t\t<\/div>\n\t\t\t\t\t\t\t<\/div>\n\t\t","protected":false},"excerpt":{"rendered":"<p>Nossos servi\u00e7os Na ITEM TEC, oferecemos uma ampla gama de servi\u00e7os de assist\u00eancia t\u00e9cnica em eletr\u00f4nica industrial para atender \u00e0s suas necessidades espec\u00edficas. Com 20 anos de experi\u00eancia e um corpo t\u00e9cnico altamente capacitado, estamos prontos para lidar com os mais diversos desafios. Aqui est\u00e3o alguns dos principais servi\u00e7os que oferecemos: Manuten\u00e7\u00e3o Preventiva e Corretiva: [&hellip;]<\/p>\n","protected":false},"author":1,"featured_media":0,"parent":0,"menu_order":0,"comment_status":"closed","ping_status":"closed","template":"elementor_header_footer","meta":{"footnotes":""},"_links":{"self":[{"href":"https:\/\/item.ind.br\/br\/wp-json\/wp\/v2\/pages\/453"}],"collection":[{"href":"https:\/\/item.ind.br\/br\/wp-json\/wp\/v2\/pages"}],"about":[{"href":"https:\/\/item.ind.br\/br\/wp-json\/wp\/v2\/types\/page"}],"author":[{"embeddable":true,"href":"https:\/\/item.ind.br\/br\/wp-json\/wp\/v2\/users\/1"}],"replies":[{"embeddable":true,"href":"https:\/\/item.ind.br\/br\/wp-json\/wp\/v2\/comments?post=453"}],"version-history":[{"count":76,"href":"https:\/\/item.ind.br\/br\/wp-json\/wp\/v2\/pages\/453\/revisions"}],"predecessor-version":[{"id":1424,"href":"https:\/\/item.ind.br\/br\/wp-json\/wp\/v2\/pages\/453\/revisions\/1424"}],"wp:attachment":[{"href":"https:\/\/item.ind.br\/br\/wp-json\/wp\/v2\/media?parent=453"}],"curies":[{"name":"wp","href":"https:\/\/api.w.org\/{rel}","templated":true}]}}